{"id":540,"date":"2022-09-14T07:37:19","date_gmt":"2022-09-14T12:37:19","guid":{"rendered":"https:\/\/www.calidadenergia.com\/consultadecertificados\/?page_id=540"},"modified":"2025-07-18T13:37:55","modified_gmt":"2025-07-18T18:37:55","slug":"medida-de-variable-electrica","status":"publish","type":"page","link":"https:\/\/www.calidadenergia.com\/consultadecertificados\/medida-de-variable-electrica\/","title":{"rendered":"Medida de Variable El\u00e9ctrica"},"content":{"rendered":"\t\t<div data-elementor-type=\"wp-page\" data-elementor-id=\"540\" class=\"elementor elementor-540\" data-elementor-post-type=\"page\">\n\t\t\t\t\t\t<section class=\"elementor-section elementor-top-section elementor-element elementor-element-c1a5d64 elementor-section-boxed elementor-section-height-default elementor-section-height-default\" data-id=\"c1a5d64\" data-element_type=\"section\" data-e-type=\"section\" data-settings=\"{&quot;background_background&quot;:&quot;classic&quot;}\">\n\t\t\t\t\t\t<div class=\"elementor-container elementor-column-gap-default\">\n\t\t\t\t\t<div class=\"elementor-column elementor-col-100 elementor-top-column elementor-element elementor-element-bc705cc\" data-id=\"bc705cc\" data-element_type=\"column\" data-e-type=\"column\">\n\t\t\t<div class=\"elementor-widget-wrap elementor-element-populated\">\n\t\t\t\t\t\t<div class=\"elementor-element elementor-element-4966b96 elementor-widget elementor-widget-heading\" data-id=\"4966b96\" data-element_type=\"widget\" data-e-type=\"widget\" data-widget_type=\"heading.default\">\n\t\t\t\t<div class=\"elementor-widget-container\">\n\t\t\t\t\t<h3 class=\"elementor-heading-title elementor-size-default\">Consulta Medida de<br>  Variable El\u00e9ctrica<\/h3>\t\t\t\t<\/div>\n\t\t\t\t<\/div>\n\t\t\t\t\t<\/div>\n\t\t<\/div>\n\t\t\t\t\t<\/div>\n\t\t<\/section>\n\t\t\t\t<section class=\"elementor-section elementor-top-section elementor-element elementor-element-470b6a7 elementor-section-boxed elementor-section-height-default elementor-section-height-default\" data-id=\"470b6a7\" data-element_type=\"section\" data-e-type=\"section\">\n\t\t\t\t\t\t<div class=\"elementor-container elementor-column-gap-default\">\n\t\t\t\t\t<div class=\"elementor-column elementor-col-100 elementor-top-column elementor-element elementor-element-c040e0c\" data-id=\"c040e0c\" data-element_type=\"column\" data-e-type=\"column\">\n\t\t\t<div class=\"elementor-widget-wrap elementor-element-populated\">\n\t\t\t\t\t\t<div class=\"elementor-element elementor-element-aca7244 elementor-widget elementor-widget-spacer\" data-id=\"aca7244\" data-element_type=\"widget\" data-e-type=\"widget\" data-widget_type=\"spacer.default\">\n\t\t\t\t<div class=\"elementor-widget-container\">\n\t\t\t\t\t\t\t<div class=\"elementor-spacer\">\n\t\t\t<div class=\"elementor-spacer-inner\"><\/div>\n\t\t<\/div>\n\t\t\t\t\t\t<\/div>\n\t\t\t\t<\/div>\n\t\t\t\t\t<\/div>\n\t\t<\/div>\n\t\t\t\t\t<\/div>\n\t\t<\/section>\n\t\t\t\t<section class=\"elementor-section elementor-top-section elementor-element elementor-element-e30e151 elementor-section-boxed elementor-section-height-default elementor-section-height-default\" data-id=\"e30e151\" data-element_type=\"section\" data-e-type=\"section\">\n\t\t\t\t\t\t<div class=\"elementor-container elementor-column-gap-default\">\n\t\t\t\t\t<div class=\"elementor-column elementor-col-33 elementor-top-column elementor-element elementor-element-49371ef\" data-id=\"49371ef\" data-element_type=\"column\" data-e-type=\"column\">\n\t\t\t<div class=\"elementor-widget-wrap elementor-element-populated\">\n\t\t\t\t\t\t<div class=\"elementor-element elementor-element-bbd1f87 elementor-widget elementor-widget-heading\" data-id=\"bbd1f87\" data-element_type=\"widget\" data-e-type=\"widget\" data-widget_type=\"heading.default\">\n\t\t\t\t<div class=\"elementor-widget-container\">\n\t\t\t\t\t<h4 class=\"elementor-heading-title elementor-size-default\">Por favor ingrese el c\u00f3digo asignado al informe de medida:<\/h4>\t\t\t\t<\/div>\n\t\t\t\t<\/div>\n\t\t\t\t<div class=\"elementor-element elementor-element-3187e68 elementor-widget elementor-widget-shortcode\" data-id=\"3187e68\" data-element_type=\"widget\" data-e-type=\"widget\" data-widget_type=\"shortcode.default\">\n\t\t\t\t<div class=\"elementor-widget-container\">\n\t\t\t\t\t    <form>\n        <input type=\"search\" name=\"search\" id=\"name\" placeholder=\"Buscar...\" value=\"\" required>\n        <input type=\"submit\" value=\"Buscar\">\n    <\/form>\n    \t\t<div class=\"elementor-shortcode\"><\/div>\n\t\t\t\t\t\t<\/div>\n\t\t\t\t<\/div>\n\t\t\t\t\t<\/div>\n\t\t<\/div>\n\t\t\t\t<div class=\"elementor-column elementor-col-33 elementor-top-column elementor-element elementor-element-a13d4b2\" data-id=\"a13d4b2\" data-element_type=\"column\" data-e-type=\"column\">\n\t\t\t<div class=\"elementor-widget-wrap\">\n\t\t\t\t\t\t\t<\/div>\n\t\t<\/div>\n\t\t\t\t<div class=\"elementor-column elementor-col-33 elementor-top-column elementor-element elementor-element-d7d4119\" data-id=\"d7d4119\" data-element_type=\"column\" data-e-type=\"column\">\n\t\t\t<div class=\"elementor-widget-wrap elementor-element-populated\">\n\t\t\t\t\t\t<div class=\"elementor-element elementor-element-7ae150d elementor-widget elementor-widget-text-editor\" data-id=\"7ae150d\" data-element_type=\"widget\" data-e-type=\"widget\" data-widget_type=\"text-editor.default\">\n\t\t\t\t<div class=\"elementor-widget-container\">\n\t\t\t\t\t\t\t\t\t<h4 class=\"mb-0 font-weight-bold\" style=\"text-align: left;\" align=\"justify\">Nota:<\/h4>\n<p class=\"mb-0 font-weight-regular\" style=\"text-align: left;\" align=\"justify\">Para cualquier inquietud, puede contactarnos al correo electr\u00f3nico: <a class=\"cursor-pointer\" rel=\"noopener\" data-start=\"312\" data-end=\"340\">comercial@calidadenergia.com<\/a><\/p>\t\t\t\t\t\t\t\t<\/div>\n\t\t\t\t<\/div>\n\t\t\t\t\t<\/div>\n\t\t<\/div>\n\t\t\t\t\t<\/div>\n\t\t<\/section>\n\t\t\t\t<\/div>\n\t\t","protected":false},"excerpt":{"rendered":"<p>Consulta Medida de Variable El\u00e9ctrica Por favor ingrese el c\u00f3digo asignado al informe de medida: Nota: Para cualquier inquietud, puede contactarnos al correo electr\u00f3nico: comercial@calidadenergia.com<\/p>\n","protected":false},"author":1,"featured_media":0,"parent":0,"menu_order":0,"comment_status":"closed","ping_status":"closed","template":"","meta":{"site-sidebar-layout":"no-sidebar","site-content-layout":"page-builder","ast-global-header-display":"","ast-main-header-display":"","ast-hfb-above-header-display":"","ast-hfb-below-header-display":"","ast-hfb-mobile-header-display":"","site-post-title":"disabled","ast-breadcrumbs-content":"","ast-featured-img":"disabled","footer-sml-layout":"","theme-transparent-header-meta":"","adv-header-id-meta":"","stick-header-meta":"","header-above-stick-meta":"","header-main-stick-meta":"","header-below-stick-meta":"","footnotes":""},"class_list":["post-540","page","type-page","status-publish","hentry"],"_links":{"self":[{"href":"https:\/\/www.calidadenergia.com\/consultadecertificados\/wp-json\/wp\/v2\/pages\/540","targetHints":{"allow":["GET"]}}],"collection":[{"href":"https:\/\/www.calidadenergia.com\/consultadecertificados\/wp-json\/wp\/v2\/pages"}],"about":[{"href":"https:\/\/www.calidadenergia.com\/consultadecertificados\/wp-json\/wp\/v2\/types\/page"}],"author":[{"embeddable":true,"href":"https:\/\/www.calidadenergia.com\/consultadecertificados\/wp-json\/wp\/v2\/users\/1"}],"replies":[{"embeddable":true,"href":"https:\/\/www.calidadenergia.com\/consultadecertificados\/wp-json\/wp\/v2\/comments?post=540"}],"version-history":[{"count":34,"href":"https:\/\/www.calidadenergia.com\/consultadecertificados\/wp-json\/wp\/v2\/pages\/540\/revisions"}],"predecessor-version":[{"id":1110,"href":"https:\/\/www.calidadenergia.com\/consultadecertificados\/wp-json\/wp\/v2\/pages\/540\/revisions\/1110"}],"wp:attachment":[{"href":"https:\/\/www.calidadenergia.com\/consultadecertificados\/wp-json\/wp\/v2\/media?parent=540"}],"curies":[{"name":"wp","href":"https:\/\/api.w.org\/{rel}","templated":true}]}}