{"id":472,"date":"2022-09-05T16:54:15","date_gmt":"2022-09-05T21:54:15","guid":{"rendered":"https:\/\/www.calidadenergia.com\/consultadecertificados\/?page_id=472"},"modified":"2025-07-18T13:55:57","modified_gmt":"2025-07-18T18:55:57","slug":"competencias","status":"publish","type":"page","link":"https:\/\/www.calidadenergia.com\/consultadecertificados\/competencias\/","title":{"rendered":"Competencias"},"content":{"rendered":"\t\t<div data-elementor-type=\"wp-page\" data-elementor-id=\"472\" class=\"elementor elementor-472\" data-elementor-post-type=\"page\">\n\t\t\t\t\t\t<section class=\"elementor-section elementor-top-section elementor-element elementor-element-691fa4b elementor-section-boxed elementor-section-height-default elementor-section-height-default\" data-id=\"691fa4b\" data-element_type=\"section\" data-e-type=\"section\" data-settings=\"{&quot;background_background&quot;:&quot;classic&quot;}\">\n\t\t\t\t\t\t<div class=\"elementor-container elementor-column-gap-default\">\n\t\t\t\t\t<div class=\"elementor-column elementor-col-100 elementor-top-column elementor-element elementor-element-cde6299\" data-id=\"cde6299\" data-element_type=\"column\" data-e-type=\"column\">\n\t\t\t<div class=\"elementor-widget-wrap elementor-element-populated\">\n\t\t\t\t\t\t<div class=\"elementor-element elementor-element-8be49d8 elementor-widget elementor-widget-heading\" data-id=\"8be49d8\" data-element_type=\"widget\" data-e-type=\"widget\" data-widget_type=\"heading.default\">\n\t\t\t\t<div class=\"elementor-widget-container\">\n\t\t\t\t\t<h2 class=\"elementor-heading-title elementor-size-default\">Consulta Certificaci\u00f3n<br> \nde competencias<\/h2>\t\t\t\t<\/div>\n\t\t\t\t<\/div>\n\t\t\t\t\t<\/div>\n\t\t<\/div>\n\t\t\t\t\t<\/div>\n\t\t<\/section>\n\t\t\t\t<section class=\"elementor-section elementor-top-section elementor-element elementor-element-5b4e307 elementor-section-boxed elementor-section-height-default elementor-section-height-default\" data-id=\"5b4e307\" data-element_type=\"section\" data-e-type=\"section\">\n\t\t\t\t\t\t<div class=\"elementor-container elementor-column-gap-default\">\n\t\t\t\t\t<div class=\"elementor-column elementor-col-100 elementor-top-column elementor-element elementor-element-b3c8e4e\" data-id=\"b3c8e4e\" data-element_type=\"column\" data-e-type=\"column\">\n\t\t\t<div class=\"elementor-widget-wrap elementor-element-populated\">\n\t\t\t\t\t\t<div class=\"elementor-element elementor-element-4223ecf elementor-widget elementor-widget-spacer\" data-id=\"4223ecf\" data-element_type=\"widget\" data-e-type=\"widget\" data-widget_type=\"spacer.default\">\n\t\t\t\t<div class=\"elementor-widget-container\">\n\t\t\t\t\t\t\t<div class=\"elementor-spacer\">\n\t\t\t<div class=\"elementor-spacer-inner\"><\/div>\n\t\t<\/div>\n\t\t\t\t\t\t<\/div>\n\t\t\t\t<\/div>\n\t\t\t\t\t<\/div>\n\t\t<\/div>\n\t\t\t\t\t<\/div>\n\t\t<\/section>\n\t\t\t\t<section class=\"elementor-section elementor-top-section elementor-element elementor-element-4ad7b9a elementor-section-boxed elementor-section-height-default elementor-section-height-default\" data-id=\"4ad7b9a\" data-element_type=\"section\" data-e-type=\"section\">\n\t\t\t\t\t\t<div class=\"elementor-container elementor-column-gap-default\">\n\t\t\t\t\t<div class=\"elementor-column elementor-col-33 elementor-top-column elementor-element elementor-element-e508fc8\" data-id=\"e508fc8\" data-element_type=\"column\" data-e-type=\"column\">\n\t\t\t<div class=\"elementor-widget-wrap elementor-element-populated\">\n\t\t\t\t\t\t<div class=\"elementor-element elementor-element-31dd63c elementor-widget elementor-widget-heading\" data-id=\"31dd63c\" data-element_type=\"widget\" data-e-type=\"widget\" data-widget_type=\"heading.default\">\n\t\t\t\t<div class=\"elementor-widget-container\">\n\t\t\t\t\t<h4 class=\"elementor-heading-title elementor-size-default\">Por favor ingrese el No. de la C\u00e9dula de la Persona Certificada:<\/h4>\t\t\t\t<\/div>\n\t\t\t\t<\/div>\n\t\t\t\t<div class=\"elementor-element elementor-element-1902b6d elementor-widget elementor-widget-shortcode\" data-id=\"1902b6d\" data-element_type=\"widget\" data-e-type=\"widget\" data-widget_type=\"shortcode.default\">\n\t\t\t\t<div class=\"elementor-widget-container\">\n\t\t\t\t\t\t<form>\n\t\t<input type=\"search\" name=\"search\" id=\"name\" placeholder=\"Buscar...\" value=\"\" required>\n\t\t<input type=\"submit\" value=\"Buscar\">\n\t<\/form>\n\t\t\t<div class=\"elementor-shortcode\"><\/div>\n\t\t\t\t\t\t<\/div>\n\t\t\t\t<\/div>\n\t\t\t\t\t<\/div>\n\t\t<\/div>\n\t\t\t\t<div class=\"elementor-column elementor-col-33 elementor-top-column elementor-element elementor-element-5c0296d\" data-id=\"5c0296d\" data-element_type=\"column\" data-e-type=\"column\">\n\t\t\t<div class=\"elementor-widget-wrap\">\n\t\t\t\t\t\t\t<\/div>\n\t\t<\/div>\n\t\t\t\t<div class=\"elementor-column elementor-col-33 elementor-top-column elementor-element elementor-element-195e528\" data-id=\"195e528\" data-element_type=\"column\" data-e-type=\"column\">\n\t\t\t<div class=\"elementor-widget-wrap elementor-element-populated\">\n\t\t\t\t\t\t<div class=\"elementor-element elementor-element-18df991 elementor-widget elementor-widget-text-editor\" data-id=\"18df991\" data-element_type=\"widget\" data-e-type=\"widget\" data-widget_type=\"text-editor.default\">\n\t\t\t\t<div class=\"elementor-widget-container\">\n\t\t\t\t\t\t\t\t\t<h4 class=\"mb-0 font-weight-bold\" style=\"text-align: left;\" align=\"justify\">Nota:<\/h4>\n<p class=\"mb-0 font-weight-regular\" style=\"text-align: left;\" align=\"justify\">Para cualquier inquietud, puede contactarnos al correo electr\u00f3nico: <a class=\"cursor-pointer\" rel=\"noopener\" data-start=\"312\" data-end=\"340\">comercial@calidadenergia.com<\/a><\/p>\t\t\t\t\t\t\t\t<\/div>\n\t\t\t\t<\/div>\n\t\t\t\t\t<\/div>\n\t\t<\/div>\n\t\t\t\t\t<\/div>\n\t\t<\/section>\n\t\t\t\t<\/div>\n\t\t","protected":false},"excerpt":{"rendered":"<p>Consulta Certificaci\u00f3n de competencias Por favor ingrese el No. de la C\u00e9dula de la Persona Certificada: Nota: Para cualquier inquietud, puede contactarnos al correo electr\u00f3nico: comercial@calidadenergia.com<\/p>\n","protected":false},"author":1,"featured_media":0,"parent":0,"menu_order":0,"comment_status":"closed","ping_status":"closed","template":"","meta":{"site-sidebar-layout":"no-sidebar","site-content-layout":"page-builder","ast-global-header-display":"","ast-main-header-display":"","ast-hfb-above-header-display":"","ast-hfb-below-header-display":"","ast-hfb-mobile-header-display":"","site-post-title":"disabled","ast-breadcrumbs-content":"","ast-featured-img":"disabled","footer-sml-layout":"","theme-transparent-header-meta":"","adv-header-id-meta":"","stick-header-meta":"","header-above-stick-meta":"","header-main-stick-meta":"","header-below-stick-meta":"","footnotes":""},"class_list":["post-472","page","type-page","status-publish","hentry"],"_links":{"self":[{"href":"https:\/\/www.calidadenergia.com\/consultadecertificados\/wp-json\/wp\/v2\/pages\/472","targetHints":{"allow":["GET"]}}],"collection":[{"href":"https:\/\/www.calidadenergia.com\/consultadecertificados\/wp-json\/wp\/v2\/pages"}],"about":[{"href":"https:\/\/www.calidadenergia.com\/consultadecertificados\/wp-json\/wp\/v2\/types\/page"}],"author":[{"embeddable":true,"href":"https:\/\/www.calidadenergia.com\/consultadecertificados\/wp-json\/wp\/v2\/users\/1"}],"replies":[{"embeddable":true,"href":"https:\/\/www.calidadenergia.com\/consultadecertificados\/wp-json\/wp\/v2\/comments?post=472"}],"version-history":[{"count":76,"href":"https:\/\/www.calidadenergia.com\/consultadecertificados\/wp-json\/wp\/v2\/pages\/472\/revisions"}],"predecessor-version":[{"id":1113,"href":"https:\/\/www.calidadenergia.com\/consultadecertificados\/wp-json\/wp\/v2\/pages\/472\/revisions\/1113"}],"wp:attachment":[{"href":"https:\/\/www.calidadenergia.com\/consultadecertificados\/wp-json\/wp\/v2\/media?parent=472"}],"curies":[{"name":"wp","href":"https:\/\/api.w.org\/{rel}","templated":true}]}}